{"id":3,"date":"2025-03-15T10:29:22","date_gmt":"2025-03-15T10:29:22","guid":{"rendered":"https:\/\/b2c.more-id.net\/a\/?page_id=3"},"modified":"2025-03-23T08:47:52","modified_gmt":"2025-03-23T08:47:52","slug":"privacidade","status":"publish","type":"page","link":"https:\/\/b2c.more-id.net\/a\/privacidade\/","title":{"rendered":"Pol\u00edtica de Privacidade e de Cookies"},"content":{"rendered":"<p><em>Atualizada a 23 de Mar\u00e7o de 2025<\/em><\/p>\n<p>A presente Pol\u00edtica de Protec\u00e7\u00e3o de Dados surge porque pretendemos dar a conhecer aos nossos utilizadores as regras gerais de privacidade e tratamento dos seus dados pessoais, que recolhemos e tratamos no estrito respeito e cumprimento da Lei de protec\u00e7\u00e3o de Dados Pessoais.<\/p>\n<p>A MORE-iD, Unipessoal Lda com contribuinte 517 283 794 respeita as pr\u00e1ticas no dom\u00ednio da seguran\u00e7a e da protec\u00e7\u00e3o dos dados pessoais, tendo para o efeito aprovado um programa, capaz de acautelar a protec\u00e7\u00e3o dos dados que nos s\u00e3o disponibilizados por todos aqueles que de alguma forma se relacionam com a MORE-iD.<\/p>\n<p>Esta Pol\u00edtica de Protec\u00e7\u00e3o de Dados Pessoais aplica-se exclusivamente \u00e0 recolha e tratamento de dados pessoais efectuados pela MORE-iD.<\/p>\n<h3>Princ\u00edpios b\u00e1sicos globais de privacidade<\/h3>\n<p>As nossas pr\u00e1ticas de privacidade reflectem os actuais princ\u00edpios e normas de tratamento de dados pessoais. Esses princ\u00edpios incluem aviso de utiliza\u00e7\u00e3o de dados e escolha de utiliza\u00e7\u00e3o de dados, acesso aos dados, integridade dos dados, seguran\u00e7a, transfer\u00eancia de dados pessoais e aplica\u00e7\u00e3o\/fiscaliza\u00e7\u00e3o.<\/p>\n<p><strong>Consentimento<\/strong><\/p>\n<p>Ao aceder utilizar este web site, o utilizador concorda expressamente com os termos desta Pol\u00edtica de Privacidade; caso n\u00e3o concorde com qualquer dos termos desta, n\u00e3o dever\u00e1 usar o site nem fornecer os seus dados pessoais.<\/p>\n<p>A MORE-iD reserva-se o direito de modificar ou actualizar periodicamente a sua Pol\u00edtica de Protec\u00e7\u00e3o de Dados para a adaptar \u00e0s altera\u00e7\u00f5es legislativas assim como \u00e0s pr\u00e1ticas do sector. Nesse caso, a MORE-iD publicitar\u00e1 no seu site as modifica\u00e7\u00f5es ou actualiza\u00e7\u00f5es introduzidas.<\/p>\n<p>Em todo o caso, a MORE-iD convida os utilizadores para que consultem a sua Pol\u00edtica de Protec\u00e7\u00e3o de Dados de forma regular.<\/p>\n<h3>Recolha e processamento dos seus dados pessoais<\/h3>\n<p>Para servir melhor os nossos utilizadores e compreender as suas necessidades e interesses, a MORE-iD recolhe, exporta e utiliza as informa\u00e7\u00f5es pessoais com aviso e consentimento adequados, criando ainda os arquivos necess\u00e1rios junto das autoridades de protec\u00e7\u00e3o de dados, quando aplic\u00e1vel.<\/p>\n<p>Quando visitar o nosso site, podemos registar o seu endere\u00e7o IP e utilizar cookies, assim como outras tecnologias da Internet que nos permitam recolher informa\u00e7\u00f5es gerais sobre os nossos utilizadores e os seus interesses.<\/p>\n<p>Podemos ainda recolher e processar qualquer informa\u00e7\u00e3o ou dados que os nossos utilizadores nos facultem ao inscrever-se, designadamente, em eventos, ao subscrever as nossas newsletters, ao participar em inqu\u00e9ritos online, grupos ou f\u00f3runs de discuss\u00e3o ou ao efectuar compras.<\/p>\n<h3>Utiliza\u00e7\u00e3o e finalidade dos dados pessoais recolhidos<\/h3>\n<p>Os dados pessoais recolhidos s\u00e3o tratados informaticamente e no cumprimento da legisla\u00e7\u00e3o de protec\u00e7\u00e3o de dados pessoais, sendo armazenados em bases de dados espec\u00edficas, criadas para o efeito e, em situa\u00e7\u00e3o alguma, os dados recolhidos ser\u00e3o utilizados para outra finalidade que n\u00e3o seja aquela para a qual foi dado o consentimento por parte do titular dos dados.<\/p>\n<p>As informa\u00e7\u00f5es que a MORE-iD recolhe para perceber as necessidades e interesses dos nossos utilizadores proporcionam uma experi\u00eancia consistente e personalizada. A MORE-iD utilizar\u00e1 essas informa\u00e7\u00f5es de acordo com o descrito nesta Pol\u00edtica de Protec\u00e7\u00e3o de Dados e\/ou segundo o modo indicado no momento da recolha.<\/p>\n<p>A utiliza\u00e7\u00e3o dos dados pessoais dos nossos utilizadores n\u00e3o ser\u00e1 alterada sem o seu pr\u00e9vio consentimento, de acordo com a legisla\u00e7\u00e3o aplic\u00e1vel.<\/p>\n<h3>Endere\u00e7os IP<\/h3>\n<p>A MORE-iD utiliza os endere\u00e7os IP para a ajudar a diagnosticar problemas e administrar o site. A MORE-iD pode tamb\u00e9m utilizar endere\u00e7os IP ou outras informa\u00e7\u00f5es, tais como as informa\u00e7\u00f5es de utilizador MORE-iD que partilhou neste site ou ainda um c\u00f3digo de campanha, para determinar que p\u00e1ginas dos nossos sites t\u00eam sido visitadas e quais os t\u00f3picos de interesse, para que possamos disponibilizar informa\u00e7\u00f5es sobre produtos e servi\u00e7os relevantes. Por regra, a MORE-iD n\u00e3o relaciona os n\u00fameros dos endere\u00e7os IP com nenhum dado que permita identificar uma pessoa em concreto, ou seja, a visita do utilizador fica registada sem que a MORE-iD aceda directamente \u00e0 identidade do mesmo.<\/p>\n<p>A MORE-iD apenas recolhe informa\u00e7\u00f5es relativas \u00e0 visita dos utilizadores ao nosso site. A MORE-iD n\u00e3o controla nem recolhe informa\u00e7\u00f5es pessoais sobre as visitas dos nossos utilizadores a empresas ou entidades que n\u00e3o perten\u00e7am \u00e0 MORE-iD.<\/p>\n<h3>Ferramentas autom\u00e1ticas<\/h3>\n<p>Al\u00e9m das informa\u00e7\u00f5es disponibilizadas pelos seus utilizadores, a MORE-iD pode tamb\u00e9m recolher informa\u00e7\u00f5es durante a sua visita a um website da MORE-iD atrav\u00e9s de ferramentas autom\u00e1ticas que incluem web beacons, cookies, links embutidos da web e outras ferramentas de recolha de informa\u00e7\u00f5es normalmente utilizadas. Essas ferramentas recolhem determinadas informa\u00e7\u00f5es padr\u00e3o que o seu browser envia para o website da MORE-iD, tais como o tipo e o idioma do browser, as horas de acesso e o endere\u00e7o do web site a partir do qual o utilizador chegou a um website da MORE-iD. Ao utilizar estas ferramentas, a MORE-iD pode igualmente confirmar a recep\u00e7\u00e3o de e-mails que o destinat\u00e1rio aceitou receber e pode controlar outras informa\u00e7\u00f5es, como as p\u00e1ginas visitadas no site da MORE-iD assim como outros dados n\u00e3o associados a uma determinada pessoa.<\/p>\n<h3>Links embutidos da Web<\/h3>\n<p>Os e-mails da MORE-iD utilizam, por vezes, links concebidos para conduzi-lo a uma \u00e1rea relevante da web. O sistema de redireccionamento permite \u00e0 MORE-iD alterar o URL de destino desses links, caso considere necess\u00e1rio, e determinar a efic\u00e1cia das nossas iniciativas de marketing.<\/p>\n<p>Nos e-mails, esses links podem ainda permitir \u00e0 MORE-iD determinar se clicou num link do e-mail, e as informa\u00e7\u00f5es sobre essa interac\u00e7\u00e3o podem ser associadas \u00e0 sua identidade pessoal. Se o utilizador n\u00e3o pretender que a MORE-iD recolha informa\u00e7\u00f5es sobre os links em que clicou, pode optar por n\u00e3o clicar nos links de um e-mail enviado pela MORE-iD.<\/p>\n<h3>Cookies<\/h3>\n<p>A MORE-iD utiliza, com o pr\u00e9vio consentimento do utilizador, cookies para fornecer conte\u00fado personalizado, evitando assim que os utilizadores tenham de reintroduzir repetidamente a sua senha e de forma a adaptar a nossa oferta de informa\u00e7\u00e3o ao modo como os utilizadores utilizam o site.<\/p>\n<h3>Endere\u00e7os de e-mail<\/h3>\n<p>Se os utilizadores optarem por nos facultar o seu endere\u00e7o de e-mail, comunicaremos com os mesmos via e-mail.<\/p>\n<p>A MORE-iD n\u00e3o partilha o endere\u00e7o de e-mail dos seus utilizadores com empresas que n\u00e3o perten\u00e7am \u00e0 MORE-iD.<\/p>\n<p>Os utilizadores podem optar por deixar de receber e-mails a qualquer altura.<\/p>\n<p>Dependendo das configura\u00e7\u00f5es da aplica\u00e7\u00e3o de e-mail dos utilizadores, as suas informa\u00e7\u00f5es pessoais poder\u00e3o ser transmitidas automaticamente quando enviar um e-mail para a MORE-iD.<\/p>\n<h3>Compras ou inscri\u00e7\u00e3o em eventos<\/h3>\n<p>O site da MORE-iD inclui formul\u00e1rios de encomenda que o utilizador preenche para solicitar informa\u00e7\u00f5es, produtos e servi\u00e7os. Esses formul\u00e1rios podem recolher informa\u00e7\u00f5es financeiras, como os detalhes das suas contas banc\u00e1rias ou os n\u00fameros de cart\u00e3o de cr\u00e9dito. A MORE-iD compromete-se a utilizar as informa\u00e7\u00f5es financeiras que lhe sejam facultadas apenas para efeitos de factura\u00e7\u00e3o e pagamento para essa transac\u00e7\u00e3o especial. Isso poder\u00e1 incluir a transmiss\u00e3o dos seus dados a terceiros envolvidos na execu\u00e7\u00e3o da transac\u00e7\u00e3o, designadamente, bancos, institui\u00e7\u00f5es de cr\u00e9dito e outras institui\u00e7\u00f5es financeiras ou empresas log\u00edsticas para assegurar a correcta entrega das mesmas.<\/p>\n<h3>Partilha dos dados pessoais<\/h3>\n<p>A MORE-iD pode partilhar informa\u00e7\u00f5es com parceiros de neg\u00f3cios, fornecedores de servi\u00e7os, agentes ou revendedores externos devidamente autorizados, para que possam fornecer um determinado servi\u00e7o ou opera\u00e7\u00e3o, incluindo o processamento de encomendas, de opera\u00e7\u00f5es de cart\u00e3o de cr\u00e9dito, o alojamento de websites, a recep\u00e7\u00e3o de inscri\u00e7\u00f5es em eventos e semin\u00e1rios e a disponibiliza\u00e7\u00e3o de assist\u00eancia ao cliente, ou ainda o fornecimento de informa\u00e7\u00f5es sobre produtos e servi\u00e7os que possam ser do interesse dos seus utilizadores.<\/p>\n<p>Ainda que, em geral, os dados pessoais dos utilizadores n\u00e3o sejam partilhados a terceiros fora da MORE-iD, nos casos em que tal comunica\u00e7\u00e3o possa ocorrer, nomeadamente por disposi\u00e7\u00e3o legal, o utilizador ser\u00e1 devidamente informado, sendo-lhe transmitida a identidade dos destinat\u00e1rios e a finalidade do tratamento dos dados cedidos.<\/p>\n<p>A MORE-iD apenas disponibilizar\u00e1 a essas empresas externas a quantidade m\u00ednima de dados pessoais necess\u00e1rios para o fornecimento de servi\u00e7os em nome da MORE-iD, n\u00e3o estando as mesmas autorizadas a usar esses dados pessoais para outros fins que n\u00e3o a presta\u00e7\u00e3o do servi\u00e7o ou a execu\u00e7\u00e3o da opera\u00e7\u00e3o solicitada.<\/p>\n<p>A MORE-iD n\u00e3o cede os dados pessoais dos seus utilizadores a terceiros para fins de marketing, a menos que os mesmos nos tenham autorizado a faz\u00ea-lo.<\/p>\n<p>Poder\u00e3o ocorrer situa\u00e7\u00f5es em que, por motivos estrat\u00e9gicos ou comerciais, a MORE-iD decida vender, comprar, fundir ou reorganizar empresas. Tais transac\u00e7\u00f5es podem envolver, de acordo com a legisla\u00e7\u00e3o aplic\u00e1vel, a divulga\u00e7\u00e3o de informa\u00e7\u00f5es pessoais a potenciais ou reais compradores, ou a recep\u00e7\u00e3o dessas mesmas informa\u00e7\u00f5es da parte de vendedores.<\/p>\n<p>\u00c9 pol\u00edtica da MORE-iD procurar protec\u00e7\u00e3o adequada para as informa\u00e7\u00f5es neste tipo de transac\u00e7\u00f5es.<\/p>\n<p>A MORE-iD poder\u00e1 recolher e partilhar dados pessoais, assim como quaisquer outras informa\u00e7\u00f5es adicionais que lhe sejam facultadas, para investigar, prevenir ou tomar medidas relativamente a pr\u00e1ticas ilegais, suspeita de fraude, situa\u00e7\u00f5es que envolvam potenciais amea\u00e7as \u00e0 integridade f\u00edsica de qualquer pessoa, viola\u00e7\u00e3o das condi\u00e7\u00f5es de utiliza\u00e7\u00e3o da MORE-iD ou em qualquer outra situa\u00e7\u00e3o prevista na lei.<\/p>\n<h3>Seguran\u00e7a dos seus dados pessoais<\/h3>\n<p>A MORE-iD assume o compromisso de garantir a protec\u00e7\u00e3o da seguran\u00e7a dos dados pessoais que nos s\u00e3o disponibilizados, tendo aprovado e implementado regras nesta mat\u00e9ria. O cumprimento destas regras constitui uma obriga\u00e7\u00e3o de todos aqueles que legalmente aos mesmos acedem.<\/p>\n<p>Foram adoptadas diversas medidas de seguran\u00e7a, de car\u00e1cter t\u00e9cnico e organizativo, de forma a proteger os dados pessoais que nos s\u00e3o disponibilizados contra a sua difus\u00e3o, perda, uso indevido, altera\u00e7\u00e3o, tratamento ou acesso n\u00e3o autorizado, bem como, contra qualquer forma de tratamento il\u00edcito.<\/p>\n<p>Neste sentido, no nosso site, os formul\u00e1rios de recolha de dados pessoais obrigam a sess\u00f5es encriptadas do browser e todos os dados pessoais que os utilizadores nos cedem ficam armazenados em datacenters contratados por empresas prestadoras de servi\u00e7os que a MORE-iD elege.<\/p>\n<p>N\u00e3o obstante as medidas de seguran\u00e7a adoptadas pela MORE-iD, alertamos todos os que navegam na Internet que devem adoptar medidas de seguran\u00e7a adicionais, designadamente, assegurar que utiliza um PC e um browser actualizados em termos de patches de seguran\u00e7a adequadamente configurados, com firewall activa, antiv\u00edrus e anti-spyware e certificar-se da autenticidade dos sites que visita na internet, devendo evitar web sites em cuja reputa\u00e7\u00e3o n\u00e3o confie.<\/p>\n<h3>Links para outros sites<\/h3>\n<p>Este site pode conter links para outros sites alheios \u00e0 MORE-iD.<\/p>\n<p>A disponibiliza\u00e7\u00e3o de tais links \u00e9 efectuada de boa f\u00e9, n\u00e3o podendo a MORE-iD ser responsabilizado pela recolha e tratamento de dados pessoais efectuados nesses web sites pertencentes a terceiros.<\/p>\n<p>Assim, a disponibiliza\u00e7\u00e3o de links para outros web sites alheios \u00e0 MORE-iD n\u00e3o implica qualquer assun\u00e7\u00e3o de responsabilidade relativamente a esses websites, pelo que a presente Pol\u00edtica de Protec\u00e7\u00e3o de Dados Pessoais n\u00e3o \u00e9 aplic\u00e1vel a tais casos.<\/p>\n<p>Aconselhamos, por isso, a ler as Pol\u00edticas de Protec\u00e7\u00e3o de Dados Pessoais dos websites que visitar.<\/p>\n<h3>Op\u00e7\u00e3o\/cancelamento<\/h3>\n<p>A MORE-iD comunica regularmente com os utilizadores que subscrevem os nossos servi\u00e7os via e-mail, podendo tamb\u00e9m comunicar por telefone. A MORE-iD pode utilizar o seu endere\u00e7o de e-mail para confirmar a abertura de uma conta, para lhe enviar avisos de pagamento, informa\u00e7\u00f5es sobre altera\u00e7\u00f5es dos nossos produtos e servi\u00e7os, assim como notifica\u00e7\u00f5es e outras publica\u00e7\u00f5es previstas na lei. Por norma, os utilizadores n\u00e3o podem cancelar estas comunica\u00e7\u00f5es, mas estas ser\u00e3o essencialmente de natureza informativa e n\u00e3o promocional.<\/p>\n<p>A MORE-iD confere a possibilidade de exercer a op\u00e7\u00e3o de cancelamento se os utilizadores n\u00e3o pretenderem receber outros tipos de comunica\u00e7\u00e3o da nossa parte, como e-mails ou actualiza\u00e7\u00f5es sobre novos servi\u00e7os e produtos oferecidos neste web site, ou se n\u00e3o pretender que partilhemos as suas informa\u00e7\u00f5es pessoais com terceiros.<\/p>\n<p>A op\u00e7\u00e3o de cancelamento pode ser exercida cancelando a subscri\u00e7\u00e3o em geral@more-id.net ou acedendo \u00e0 sua \u00e1rea reservada no nosso site.<\/p>\n<h3>Reten\u00e7\u00e3o de dados<\/h3>\n<p>A MORE-iD n\u00e3o ir\u00e1 reter os dados pessoais dos seus utilizadores para al\u00e9m do tempo necess\u00e1rio para cumprir a finalidade para que foram recolhidos ou para al\u00e9m do tempo exigido por lei ou pelos regulamentos aplic\u00e1veis.<\/p>\n<h3>Consultas, acesso e actualiza\u00e7\u00e3o dos seus dados pessoais<\/h3>\n<p>Nos termos da Lei de Protec\u00e7\u00e3o de Dados Pessoais, \u00e9 garantido ao titular dos dados o direito de acesso, actualiza\u00e7\u00e3o, rectifica\u00e7\u00e3o ou elimina\u00e7\u00e3o dos seus dados pessoais a todo o tempo, bem como o direito de oposi\u00e7\u00e3o \u00e0 utiliza\u00e7\u00e3o dos dados facultados para fins de marketing, para o envio de comunica\u00e7\u00f5es informativas ou de inclus\u00e3o em listas ou servi\u00e7os informativos, devendo, para tal, se n\u00e3o o tiver feito aquando da recolha, enviar pedido escrito dirigido a MORE-iD, Unipessoal Lda, Rua do Cruzeiro, 103, 4470-594 Maia, ou enviar o pedido atrav\u00e9s de e-mail para geral@more-id.net.<\/p>\n<p>Se tiver d\u00favidas sobre esta declara\u00e7\u00e3o de privacidade ou desejar consultar as informa\u00e7\u00f5es que temos sobre si,\u00a0contacte-nos.<\/p>\n","protected":false},"excerpt":{"rendered":"<p>Atualizada a 23 de Mar\u00e7o de 2025 A presente Pol\u00edtica de Protec\u00e7\u00e3o de Dados surge porque pretendemos dar a conhecer<\/p>\n","protected":false},"author":1,"featured_media":0,"parent":0,"menu_order":0,"comment_status":"closed","ping_status":"open","template":"","meta":{"pagelayer_contact_templates":[],"_pagelayer_content":"","footnotes":""},"class_list":["post-3","page","type-page","status-publish","hentry"],"_links":{"self":[{"href":"https:\/\/b2c.more-id.net\/a\/wp-json\/wp\/v2\/pages\/3","targetHints":{"allow":["GET"]}}],"collection":[{"href":"https:\/\/b2c.more-id.net\/a\/wp-json\/wp\/v2\/pages"}],"about":[{"href":"https:\/\/b2c.more-id.net\/a\/wp-json\/wp\/v2\/types\/page"}],"author":[{"embeddable":true,"href":"https:\/\/b2c.more-id.net\/a\/wp-json\/wp\/v2\/users\/1"}],"replies":[{"embeddable":true,"href":"https:\/\/b2c.more-id.net\/a\/wp-json\/wp\/v2\/comments?post=3"}],"version-history":[{"count":4,"href":"https:\/\/b2c.more-id.net\/a\/wp-json\/wp\/v2\/pages\/3\/revisions"}],"predecessor-version":[{"id":9516,"href":"https:\/\/b2c.more-id.net\/a\/wp-json\/wp\/v2\/pages\/3\/revisions\/9516"}],"wp:attachment":[{"href":"https:\/\/b2c.more-id.net\/a\/wp-json\/wp\/v2\/media?parent=3"}],"curies":[{"name":"wp","href":"https:\/\/api.w.org\/{rel}","templated":true}]}}